{"id":612,"date":"2016-05-05T10:36:13","date_gmt":"2016-05-05T10:36:13","guid":{"rendered":"http:\/\/splash.stm\/?page_id=612"},"modified":"2025-08-02T17:53:22","modified_gmt":"2025-08-02T17:53:22","slug":"about-club","status":"publish","type":"page","link":"https:\/\/akdenizsporbirligi.com\/en\/about-club\/","title":{"rendered":"About Club"},"content":{"rendered":"<div class=\"wpb-content-wrapper\"><p>[vc_row full_width=&#8221;stretch_row&#8221; css=&#8221;.vc_custom_1476255884282{margin-top: -33px !important;margin-bottom: 0px !important;padding-bottom: 0px !important;background-color: #ffffff !important;}&#8221;][vc_column width=&#8221;1\/2&#8243; css=&#8221;.vc_custom_1462531430496{padding-top: 0px !important;}&#8221;][vc_column_text css=&#8221;.vc_custom_1754157160773{margin-bottom: 35px !important;}&#8221;]<\/p>\n<h2>ABOUT AKDEN\u0130Z SPOR B\u0130RL\u0130\u011e\u0130<\/h2>\n<p>[\/vc_column_text][vc_column_text css=&#8221;.vc_custom_1754157138609{margin-bottom: 23px !important;}&#8221;]Founded in the heart of Girne with a spirit that believes in the unifying power of sports, Akdeniz Spor Birli\u011fi reflects the enthusiastic and competitive soul of the Mediterranean on the field. Since our establishment, our goal has been to be more than just a sports club\u2014we aim to be a home where young talents are discovered, and the values of sportsmanship and teamwork are instilled.<\/p>\n<p>Our mission is to compete at the top in all our branches, especially our Basketball First Team, and to bring new successes to Cypriot sports. Our basketball team&#8217;s achievement of playing in the finals last season, a first in our club&#8217;s history, is the most concrete proof of our belief and determination to achieve this goal.<\/p>\n<p>Our philosophy at Akdeniz Spor Birli\u011fi is not just to focus on victories, but also to raise athletes with character and fighting spirit. Under the leadership of our club president and directors, we work to provide the most suitable environment for our athletes&#8217; development. With our individual training programs and courses for various age groups, we support every athlete in maximizing their potential.<\/p>\n<p>Together with all our friends who support us, especially our main sponsor Adelante Construction, we will continue to grow the Akdeniz Spor Birli\u011fi family and raise the champions of the future.<\/p>\n<p>We welcome you to the Akdeniz Spor Birli\u011fi family to experience the excitement and camaraderie of sports with us![\/vc_column_text][\/vc_column][vc_column width=&#8221;1\/2&#8243;][vc_single_image image=&#8221;1048,1048,1048,1048&#8243; img_size=&#8221;full&#8221; onclick=&#8221;link_image&#8221; css_animation=&#8221;right-to-left&#8221; css=&#8221;.vc_custom_1557119334509{margin-top: 48px !important;margin-bottom: 36px !important;}&#8221;][\/vc_column][\/vc_row][vc_row full_width=&#8221;stretch_row&#8221; css=&#8221;.vc_custom_1476269661562{padding-top: 28px !important;padding-bottom: 59px !important;background-color: #ffffff !important;}&#8221;][vc_column][stm_carousel image_size=&#8221;full&#8221; disable_controlls=&#8221;disable&#8221; images=&#8221;2459,2462,2453,2436,2434&#8243;][\/vc_column][\/vc_row]<\/p>\n<\/div>","protected":false},"excerpt":{"rendered":"<p>[vc_row full_width=&#8221;stretch_row&#8221; css=&#8221;.vc_custom_1476255884282{margin-top: -33px !important;margin-bottom: 0px !important;padding-bottom: 0px !important;background-color: #ffffff !important;}&#8221;][vc_column width=&#8221;1\/2&#8243; css=&#8221;.vc_custom_1462531430496{padding-top: 0px !important;}&#8221;][vc_column_text css=&#8221;.vc_custom_1754157160773{margin-bottom: 35px !important;}&#8221;] ABOUT AKDEN\u0130Z SPOR B\u0130RL\u0130\u011e\u0130 [\/vc_column_text][vc_column_text css=&#8221;.vc_custom_1754157138609{margin-bottom: 23px !important;}&#8221;]Founded in the heart of Girne with a spirit that believes in the unifying power of sports, Akdeniz Spor Birli\u011fi reflects the enthusiastic and competitive soul of the Mediterranean on&#8230;<\/p>\n","protected":false},"author":1,"featured_media":0,"parent":0,"menu_order":0,"comment_status":"closed","ping_status":"closed","template":"","meta":{"footnotes":""},"class_list":["post-612","page","type-page","status-publish","hentry"],"_hostinger_reach_plugin_has_subscription_block":false,"_hostinger_reach_plugin_is_elementor":false,"_links":{"self":[{"href":"https:\/\/akdenizsporbirligi.com\/en\/wp-json\/wp\/v2\/pages\/612","targetHints":{"allow":["GET"]}}],"collection":[{"href":"https:\/\/akdenizsporbirligi.com\/en\/wp-json\/wp\/v2\/pages"}],"about":[{"href":"https:\/\/akdenizsporbirligi.com\/en\/wp-json\/wp\/v2\/types\/page"}],"author":[{"embeddable":true,"href":"https:\/\/akdenizsporbirligi.com\/en\/wp-json\/wp\/v2\/users\/1"}],"replies":[{"embeddable":true,"href":"https:\/\/akdenizsporbirligi.com\/en\/wp-json\/wp\/v2\/comments?post=612"}],"version-history":[{"count":2,"href":"https:\/\/akdenizsporbirligi.com\/en\/wp-json\/wp\/v2\/pages\/612\/revisions"}],"predecessor-version":[{"id":2530,"href":"https:\/\/akdenizsporbirligi.com\/en\/wp-json\/wp\/v2\/pages\/612\/revisions\/2530"}],"wp:attachment":[{"href":"https:\/\/akdenizsporbirligi.com\/en\/wp-json\/wp\/v2\/media?parent=612"}],"curies":[{"name":"wp","href":"https:\/\/api.w.org\/{rel}","templated":true}]}}